{"id":94,"date":"2015-10-16T16:48:20","date_gmt":"2015-10-16T16:48:20","guid":{"rendered":"http:\/\/www.zagiel.org\/?page_id=94"},"modified":"2024-09-25T12:28:17","modified_gmt":"2024-09-25T10:28:17","slug":"darowizny","status":"publish","type":"page","link":"https:\/\/www.zagiel.org\/?page_id=94","title":{"rendered":"Darowizny"},"content":{"rendered":"<p><span style=\"color: #000000;\"><strong><span style=\"font-size: 13.0pt;\">Darowizny dla Towarzystwa mo\u017cna sk\u0142ada\u0107:<\/span><\/strong><\/span><\/p>\n<p><strong><span style=\"font-size: 13.0pt; color: navy;\">Konto bankowe:<\/span><\/strong><span style=\"font-size: 13.0pt;\"><br \/>\n<span style=\"color: navy;\">15 9107 0007 2001 0010 3567 0001\u00a0\u00a0\u00a0 BS Radymno<\/span><\/span><\/p>\n<p>-Canada<\/p>\n<p><input alt=\"PayPal - The safer, easier way to pay online!\" name=\"submit\" src=\"https:\/\/www.paypalobjects.com\/en_US\/i\/btn\/btn_donateCC_LG.gif\" type=\"image\" \/><br \/>\n<img loading=\"lazy\" decoding=\"async\" src=\"https:\/\/www.paypalobjects.com\/pl_PL\/i\/scr\/pixel.gif\" alt=\"\" width=\"1\" height=\"1\" border=\"0\" \/><br \/>\n&#8212;&#8212;<br \/>\nUSA<\/p>\n<style>.pp-6ZH8VXT92ZTS6{text-align:center;border:none;border-radius:1.5rem;min-width:11.625rem;padding:0 2rem;height:2.625rem;font-weight:bold;background-color:#FFD140;color:#000000;font-family:\"Helvetica Neue\",Arial,sans-serif;font-size:1rem;line-height:1.25rem;cursor:pointer;}<\/style>\n<form style=\"display: inline-grid; justify-items: center; align-content: start; gap: 0.5rem;\" action=\"https:\/\/www.paypal.com\/ncp\/payment\/6ZH8VXT92ZTS6\" method=\"post\" target=\"_top\"><input class=\"pp-6ZH8VXT92ZTS6\" type=\"submit\" value=\"DONATE\" \/><br \/>\n<img decoding=\"async\" src=\"https:\/\/www.paypalobjects.com\/images\/Debit_Credit_APM.svg\" alt=\"cards\" \/><\/p>\n<section>Obs\u0142ugiwane przez <img decoding=\"async\" style=\"height: 0.875rem; vertical-align: middle;\" src=\"https:\/\/www.paypalobjects.com\/paypal-ui\/logos\/svg\/paypal-wordmark-color.svg\" alt=\"paypal\" \/><\/section>\n<\/form>\n<p><input alt=\"PayPal - The safer, easier way to pay online!\" name=\"submit\" src=\"https:\/\/www.paypalobjects.com\/en_US\/i\/btn\/btn_donateCC_LG.gif\" type=\"image\" \/><br \/>\n<img loading=\"lazy\" decoding=\"async\" src=\"https:\/\/www.paypalobjects.com\/pl_PL\/i\/scr\/pixel.gif\" alt=\"\" width=\"1\" height=\"1\" border=\"0\" \/><br \/>\n&#8212;&#8211;<br \/>\nStrefa EURO<\/p>\n<style>.pp-5FBQYB3CCKM6N{text-align:center;border:none;border-radius:1.5rem;min-width:11.625rem;padding:0 2rem;height:2.625rem;font-weight:bold;background-color:#FFD140;color:#000000;font-family:\"Helvetica Neue\",Arial,sans-serif;font-size:1rem;line-height:1.25rem;cursor:pointer;}<\/style>\n<form action=\"https:\/\/www.paypal.com\/ncp\/payment\/5FBQYB3CCKM6N\" method=\"post\" target=\"_top\" style=\"display:inline-grid;justify-items:center;align-content:start;gap:0.5rem;\">\n  <input class=\"pp-5FBQYB3CCKM6N\" type=\"submit\" value=\"Kup teraz\" \/><br \/>\n  <img src=https:\/\/www.paypalobjects.com\/images\/Debit_Credit_APM.svg alt=\"cards\" \/><\/p>\n<section> Obs\u0142ugiwane przez <img decoding=\"async\" src=\"https:\/\/www.paypalobjects.com\/paypal-ui\/logos\/svg\/paypal-wordmark-color.svg\" alt=\"paypal\" style=\"height:0.875rem;vertical-align:middle;\"\/><\/section>\n<\/form>\n<p><input alt=\"PayPal \u2013 P\u0142a\u0107 wygodnie i bezpiecznie\" name=\"submit\" src=\"https:\/\/www.paypalobjects.com\/pl_PL\/PL\/i\/btn\/btn_donateCC_LG.gif\" type=\"image\" \/><br \/>\n<img loading=\"lazy\" decoding=\"async\" src=\"https:\/\/www.paypalobjects.com\/pl_PL\/i\/scr\/pixel.gif\" alt=\"\" width=\"1\" height=\"1\" border=\"0\" \/><br \/>\n&#8212;&#8211;<br \/>\nPolska<\/p>\n<p><input alt=\"PayPal \u2013 P\u0142a\u0107 wygodnie i bezpiecznie\" name=\"submit\" src=\"https:\/\/www.paypalobjects.com\/pl_PL\/PL\/i\/btn\/btn_donateCC_LG.gif\" type=\"image\" \/><br \/>\n<img loading=\"lazy\" decoding=\"async\" src=\"https:\/\/www.paypalobjects.com\/pl_PL\/i\/scr\/pixel.gif\" alt=\"\" width=\"1\" height=\"1\" border=\"0\" \/><br \/>\n&#8212;-<br \/>\nWielka Brytania<\/p>\n<p><input alt=\"PayPal \u2013 The safer, easier way to pay online!\" name=\"submit\" src=\"https:\/\/www.paypalobjects.com\/en_US\/GB\/i\/btn\/btn_donateCC_LG.gif\" type=\"image\" \/><br \/>\n<img loading=\"lazy\" decoding=\"async\" src=\"https:\/\/www.paypalobjects.com\/pl_PL\/i\/scr\/pixel.gif\" alt=\"\" width=\"1\" height=\"1\" border=\"0\" \/><\/p>\n","protected":false},"excerpt":{"rendered":"<p>Darowizny dla Towarzystwa mo\u017cna sk\u0142ada\u0107: Konto bankowe: 15 9107 0007 2001 0010 3567 0001\u00a0\u00a0\u00a0 BS Radymno -Canada &#8212;&#8212; USA Obs\u0142ugiwane przez &#8212;&#8211; Strefa EURO Obs\u0142ugiwane przez &#8212;&#8211; Polska &#8212;- Wielka Brytania<\/p>\n","protected":false},"author":1,"featured_media":0,"parent":0,"menu_order":0,"comment_status":"closed","ping_status":"closed","template":"","meta":{"footnotes":""},"class_list":["post-94","page","type-page","status-publish","hentry"],"_links":{"self":[{"href":"https:\/\/www.zagiel.org\/index.php?rest_route=\/wp\/v2\/pages\/94","targetHints":{"allow":["GET"]}}],"collection":[{"href":"https:\/\/www.zagiel.org\/index.php?rest_route=\/wp\/v2\/pages"}],"about":[{"href":"https:\/\/www.zagiel.org\/index.php?rest_route=\/wp\/v2\/types\/page"}],"author":[{"embeddable":true,"href":"https:\/\/www.zagiel.org\/index.php?rest_route=\/wp\/v2\/users\/1"}],"replies":[{"embeddable":true,"href":"https:\/\/www.zagiel.org\/index.php?rest_route=%2Fwp%2Fv2%2Fcomments&post=94"}],"version-history":[{"count":17,"href":"https:\/\/www.zagiel.org\/index.php?rest_route=\/wp\/v2\/pages\/94\/revisions"}],"predecessor-version":[{"id":2053,"href":"https:\/\/www.zagiel.org\/index.php?rest_route=\/wp\/v2\/pages\/94\/revisions\/2053"}],"wp:attachment":[{"href":"https:\/\/www.zagiel.org\/index.php?rest_route=%2Fwp%2Fv2%2Fmedia&parent=94"}],"curies":[{"name":"wp","href":"https:\/\/api.w.org\/{rel}","templated":true}]}}