{"id":855,"date":"2017-05-25T23:21:49","date_gmt":"2017-05-25T23:21:49","guid":{"rendered":"http:\/\/www.zagiel.org\/?page_id=855"},"modified":"2025-05-12T17:07:32","modified_gmt":"2025-05-12T15:07:32","slug":"do-pobrania","status":"publish","type":"page","link":"https:\/\/www.zagiel.org\/?page_id=855","title":{"rendered":"Do pobrania"},"content":{"rendered":"<p><strong>Dokumenty do pobrania:<\/strong><\/p>\n<p><a href=\"http:\/\/zagiel.org\/pliki\/index.php\/s\/j2qcatYBGkwJR7S\">Szachy<\/a><\/p>\n<p><a href=\"http:\/\/www.zagiel.org\/wp-content\/uploads\/2017\/05\/zgoda-rodzicow.pdf\">Zgoda rodzic\u00f3w<\/a><\/p>\n<p><a href=\"http:\/\/www.zagiel.org\/wp-content\/uploads\/2017\/05\/Zdrowie.pdf\">O\u015bwiadczenie o stanie zdrowia<\/a><\/p>\n<p><a href=\"https:\/\/drive.google.com\/file\/d\/1w5KdkiamX7DGS8wwn8KYJB7hDnKL7ELd\/view?usp=sharing\" target=\"_blank\" rel=\"noopener noreferrer\">Oswiadcz_Rodzicow_i_Zawodnika<\/a><\/p>\n<p><a href=\"https:\/\/docs.google.com\/document\/d\/1l30R3uaIusSJRPIplg8KXWOWcODW7faD\/edit?usp=sharing&amp;ouid=108050006238484962242&amp;rtpof=true&amp;sd=true\">O\u015bwiadczenie Rodzic\u00f3w i Zawodnika<\/a> (word)<\/p>\n<p><a href=\"http:\/\/www.zagiel.org\/wp-content\/uploads\/2019\/09\/deklaracja-zawodnika.odt\">Deklaracja zawodnika<\/a><\/p>\n<p><a href=\"https:\/\/drive.google.com\/file\/d\/1QKyV6tWFDmwpB74pJzD8moxM0Zd6fNzA\/view?usp=sharing\">Deklaracja zawodnika niepelnoletniego<\/a><\/p>\n<p>&nbsp;<\/p>\n","protected":false},"excerpt":{"rendered":"<p>Dokumenty do pobrania: Szachy Zgoda rodzic\u00f3w O\u015bwiadczenie o stanie zdrowia Oswiadcz_Rodzicow_i_Zawodnika O\u015bwiadczenie Rodzic\u00f3w i Zawodnika (word) Deklaracja zawodnika Deklaracja zawodnika niepelnoletniego &nbsp;<\/p>\n","protected":false},"author":1,"featured_media":0,"parent":0,"menu_order":0,"comment_status":"closed","ping_status":"closed","template":"","meta":{"footnotes":""},"class_list":["post-855","page","type-page","status-publish","hentry"],"_links":{"self":[{"href":"https:\/\/www.zagiel.org\/index.php?rest_route=\/wp\/v2\/pages\/855","targetHints":{"allow":["GET"]}}],"collection":[{"href":"https:\/\/www.zagiel.org\/index.php?rest_route=\/wp\/v2\/pages"}],"about":[{"href":"https:\/\/www.zagiel.org\/index.php?rest_route=\/wp\/v2\/types\/page"}],"author":[{"embeddable":true,"href":"https:\/\/www.zagiel.org\/index.php?rest_route=\/wp\/v2\/users\/1"}],"replies":[{"embeddable":true,"href":"https:\/\/www.zagiel.org\/index.php?rest_route=%2Fwp%2Fv2%2Fcomments&post=855"}],"version-history":[{"count":31,"href":"https:\/\/www.zagiel.org\/index.php?rest_route=\/wp\/v2\/pages\/855\/revisions"}],"predecessor-version":[{"id":2197,"href":"https:\/\/www.zagiel.org\/index.php?rest_route=\/wp\/v2\/pages\/855\/revisions\/2197"}],"wp:attachment":[{"href":"https:\/\/www.zagiel.org\/index.php?rest_route=%2Fwp%2Fv2%2Fmedia&parent=855"}],"curies":[{"name":"wp","href":"https:\/\/api.w.org\/{rel}","templated":true}]}}