{"id":799,"date":"2017-04-11T09:36:21","date_gmt":"2017-04-11T09:36:21","guid":{"rendered":"http:\/\/www.zagiel.org\/?page_id=799"},"modified":"2025-06-25T18:56:20","modified_gmt":"2025-06-25T16:56:20","slug":"sekcja-szachowa","status":"publish","type":"page","link":"https:\/\/www.zagiel.org\/?page_id=799","title":{"rendered":"Sekcja szachowa"},"content":{"rendered":"<p style=\"text-align: center;\"><strong>SEKSJA SZACHOWA<\/strong><\/p>\n<p>Zaj\u0119cia dla grupy m\u0142odzie\u017cowej odbywaj\u0105 si\u0119<strong> w poniedzia\u0142ki o godzinie 17:45 w \u015awietlicy Wiejskiej w Ostrowie.<\/strong><\/p>\n<p>Zaj\u0119cia prowadzi Pan Przemys\u0142aw Mac.<\/p>\n<p><a href=\"http:\/\/www.zagiel.org\/wp-content\/uploads\/2017\/01\/msit.jpg\"><img loading=\"lazy\" decoding=\"async\" class=\"size-medium wp-image-1864 alignnone\" src=\"https:\/\/www.zagiel.org\/wp-content\/uploads\/2024\/09\/05_znak_uproszczony_kolor_biale_tlo-300x114.png\" alt=\"\" width=\"300\" height=\"114\" srcset=\"https:\/\/www.zagiel.org\/wp-content\/uploads\/2024\/09\/05_znak_uproszczony_kolor_biale_tlo-300x114.png 300w, https:\/\/www.zagiel.org\/wp-content\/uploads\/2024\/09\/05_znak_uproszczony_kolor_biale_tlo-1024x389.png 1024w, https:\/\/www.zagiel.org\/wp-content\/uploads\/2024\/09\/05_znak_uproszczony_kolor_biale_tlo-768x292.png 768w, https:\/\/www.zagiel.org\/wp-content\/uploads\/2024\/09\/05_znak_uproszczony_kolor_biale_tlo-128x49.png 128w, https:\/\/www.zagiel.org\/wp-content\/uploads\/2024\/09\/05_znak_uproszczony_kolor_biale_tlo-32x12.png 32w, https:\/\/www.zagiel.org\/wp-content\/uploads\/2024\/09\/05_znak_uproszczony_kolor_biale_tlo-900x342.png 900w, https:\/\/www.zagiel.org\/wp-content\/uploads\/2024\/09\/05_znak_uproszczony_kolor_biale_tlo.png 1136w\" sizes=\"auto, (max-width: 300px) 100vw, 300px\" \/><img loading=\"lazy\" decoding=\"async\" class=\" wp-image-1747 alignnone\" src=\"https:\/\/www.zagiel.org\/wp-content\/uploads\/2023\/09\/Rzadowy-Program-KLUB-logo-Witaj-W-Klubie-300x265.png\" alt=\"\" width=\"157\" height=\"139\" srcset=\"https:\/\/www.zagiel.org\/wp-content\/uploads\/2023\/09\/Rzadowy-Program-KLUB-logo-Witaj-W-Klubie-300x265.png 300w, https:\/\/www.zagiel.org\/wp-content\/uploads\/2023\/09\/Rzadowy-Program-KLUB-logo-Witaj-W-Klubie.png 490w\" sizes=\"auto, (max-width: 157px) 100vw, 157px\" \/><\/a><\/p>\n","protected":false},"excerpt":{"rendered":"<p>SEKSJA SZACHOWA Zaj\u0119cia dla grupy m\u0142odzie\u017cowej odbywaj\u0105 si\u0119 w poniedzia\u0142ki o godzinie 17:45 w \u015awietlicy Wiejskiej w Ostrowie. Zaj\u0119cia prowadzi Pan Przemys\u0142aw Mac.<\/p>\n","protected":false},"author":1,"featured_media":0,"parent":0,"menu_order":0,"comment_status":"closed","ping_status":"closed","template":"","meta":{"footnotes":""},"class_list":["post-799","page","type-page","status-publish","hentry"],"_links":{"self":[{"href":"https:\/\/www.zagiel.org\/index.php?rest_route=\/wp\/v2\/pages\/799","targetHints":{"allow":["GET"]}}],"collection":[{"href":"https:\/\/www.zagiel.org\/index.php?rest_route=\/wp\/v2\/pages"}],"about":[{"href":"https:\/\/www.zagiel.org\/index.php?rest_route=\/wp\/v2\/types\/page"}],"author":[{"embeddable":true,"href":"https:\/\/www.zagiel.org\/index.php?rest_route=\/wp\/v2\/users\/1"}],"replies":[{"embeddable":true,"href":"https:\/\/www.zagiel.org\/index.php?rest_route=%2Fwp%2Fv2%2Fcomments&post=799"}],"version-history":[{"count":9,"href":"https:\/\/www.zagiel.org\/index.php?rest_route=\/wp\/v2\/pages\/799\/revisions"}],"predecessor-version":[{"id":2235,"href":"https:\/\/www.zagiel.org\/index.php?rest_route=\/wp\/v2\/pages\/799\/revisions\/2235"}],"wp:attachment":[{"href":"https:\/\/www.zagiel.org\/index.php?rest_route=%2Fwp%2Fv2%2Fmedia&parent=799"}],"curies":[{"name":"wp","href":"https:\/\/api.w.org\/{rel}","templated":true}]}}