{"id":437,"date":"2016-09-24T21:20:56","date_gmt":"2016-09-24T21:20:56","guid":{"rendered":"http:\/\/www.zagiel.org\/?page_id=437"},"modified":"2024-09-16T21:13:56","modified_gmt":"2024-09-16T19:13:56","slug":"terminarz","status":"publish","type":"page","link":"https:\/\/www.zagiel.org\/?page_id=437","title":{"rendered":"Terminarz"},"content":{"rendered":"<p style=\"text-align: center;\"><span style=\"color: #000080;\"><strong>I RUNDA ROZGRYWEK PODKARPACKIEJ I LIGI M\u0118\u017bCZYZN<\/strong><\/span><\/p>\n<p style=\"text-align: center;\"><span style=\"color: #000080;\"><strong>SEZON 2024\/2025<\/strong><\/span><\/p>\n<p><strong>Kolejka 1. <\/strong><\/p>\n<p><strong>05.10.2024<\/strong><\/p>\n<table>\n<tbody>\n<tr>\n<td width=\"302\">LKS G\u0142ogovia G\u0142og\u00f3w M\u0142p.<\/td>\n<td width=\"302\">AKS V LO Rzesz\u00f3w<\/td>\n<\/tr>\n<tr>\n<td width=\"302\">ProSport Marmax Czudec<\/td>\n<td width=\"302\">MKS GAMRAT-MOSiR Jas\u0142o<\/td>\n<\/tr>\n<tr>\n<td width=\"302\">MAJ-BUD AlterEco Bystrzaki Gmina Iwierzyce<\/td>\n<td width=\"302\">KLIMA B\u0142a\u017cowa<\/td>\n<\/tr>\n<tr>\n<td width=\"302\">SST Lubcza Rac\u0142aw\u00f3wka<\/td>\n<td width=\"302\"><strong>TKS \u017bagiel Radymno<\/strong><\/td>\n<\/tr>\n<tr>\n<td width=\"302\">Renga SST Sportur Gmina \u0141a\u0144cut<\/td>\n<td width=\"302\">TKF Anilana Rakszawa<\/td>\n<\/tr>\n<\/tbody>\n<\/table>\n<p>&nbsp;<\/p>\n<p><strong>Kolejka 2.<\/strong><\/p>\n<p><strong>12.10.2024<\/strong><\/p>\n<table>\n<tbody>\n<tr>\n<td width=\"302\">AKS V LO Rzesz\u00f3w<\/td>\n<td width=\"302\">TKF Anilana Rakszawa<\/td>\n<\/tr>\n<tr>\n<td width=\"302\"><strong>TKS \u017bagiel Radymno<\/strong><\/td>\n<td width=\"302\">Renga SST Sportur Gmina \u0141a\u0144cut<\/td>\n<\/tr>\n<tr>\n<td width=\"302\">KLIMA B\u0142a\u017cowa<\/td>\n<td width=\"302\">SST Lubcza Rac\u0142aw\u00f3wka<\/td>\n<\/tr>\n<tr>\n<td width=\"302\">MKS GAMRAT-MOSiR Jas\u0142o<\/td>\n<td width=\"302\">MAJ-BUD AlterEco Bystrzaki Gmina Iwierzyce<\/td>\n<\/tr>\n<tr>\n<td width=\"302\">LKS G\u0142ogovia G\u0142og\u00f3w M\u0142p.<\/td>\n<td width=\"302\">ProSport Marmax Czudec<\/td>\n<\/tr>\n<\/tbody>\n<\/table>\n<p><strong>\u00a0<\/strong><\/p>\n<p><strong>Kolejka 3.<\/strong><\/p>\n<p><strong>19.10.2024<\/strong><\/p>\n<table>\n<tbody>\n<tr>\n<td width=\"302\">ProSport Marmax Czudec<\/td>\n<td width=\"302\">AKS V LO Rzesz\u00f3w<\/td>\n<\/tr>\n<tr>\n<td width=\"302\">MAJ-BUD AlterEco Bystrzaki Gmina Iwierzyce<\/td>\n<td width=\"302\">LKS G\u0142ogovia G\u0142og\u00f3w M\u0142p.<\/td>\n<\/tr>\n<tr>\n<td width=\"302\">SST Lubcza Rac\u0142aw\u00f3wka<\/td>\n<td width=\"302\">MKS GAMRAT-MOSiR Jas\u0142o<\/td>\n<\/tr>\n<tr>\n<td width=\"302\">Renga SST Sportur Gmina \u0141a\u0144cut<\/td>\n<td width=\"302\">KLIMA B\u0142a\u017cowa<\/td>\n<\/tr>\n<tr>\n<td width=\"302\">TKF Anilana Rakszawa<\/td>\n<td width=\"302\"><strong>TKS \u017bagiel Radymno<\/strong><\/td>\n<\/tr>\n<\/tbody>\n<\/table>\n<p><strong>\u00a0<\/strong><\/p>\n<p><strong>Kolejka 4.<\/strong><\/p>\n<p><strong>26.10.2024<\/strong><\/p>\n<table>\n<tbody>\n<tr>\n<td width=\"302\">AKS V LO Rzesz\u00f3w<\/td>\n<td width=\"302\"><strong>TKS \u017bagiel Radymno<\/strong><\/td>\n<\/tr>\n<tr>\n<td width=\"302\">KLIMA B\u0142a\u017cowa<\/td>\n<td width=\"302\">TKF Anilana Rakszawa<\/td>\n<\/tr>\n<tr>\n<td width=\"302\">MKS GAMRAT-MOSiR Jas\u0142o<\/td>\n<td width=\"302\">Renga SST Sportur Gmina \u0141a\u0144cut<\/td>\n<\/tr>\n<tr>\n<td width=\"302\">LKS G\u0142ogovia G\u0142og\u00f3w M\u0142p.<\/td>\n<td width=\"302\">SST Lubcza Rac\u0142aw\u00f3wka<\/td>\n<\/tr>\n<tr>\n<td width=\"302\">ProSport Marmax Czudec<\/td>\n<td width=\"302\">MAJ-BUD AlterEco Bystrzaki Gmina Iwierzyce<\/td>\n<\/tr>\n<\/tbody>\n<\/table>\n<p><strong>\u00a0<\/strong><\/p>\n<p><strong>Kolejka 5.<\/strong><\/p>\n<p><strong>09.11.2024<\/strong><\/p>\n<table>\n<tbody>\n<tr>\n<td width=\"302\">MAJ-BUD AlterEco Bystrzaki Gmina Iwierzyce<\/td>\n<td width=\"302\">AKS V LO Rzesz\u00f3w<\/td>\n<\/tr>\n<tr>\n<td width=\"302\">SST Lubcza Rac\u0142aw\u00f3wka<\/td>\n<td width=\"302\">ProSport Marmax Czudec<\/td>\n<\/tr>\n<tr>\n<td width=\"302\">Renga SST Sportur Gmina \u0141a\u0144cut<\/td>\n<td width=\"302\">LKS G\u0142ogovia G\u0142og\u00f3w M\u0142p.<\/td>\n<\/tr>\n<tr>\n<td width=\"302\">TKF Anilana Rakszawa<\/td>\n<td width=\"302\">MKS GAMRAT-MOSiR Jas\u0142o<\/td>\n<\/tr>\n<tr>\n<td width=\"302\"><strong>TKS \u017bagiel Radymno<\/strong><\/td>\n<td width=\"302\">KLIMA B\u0142a\u017cowa<\/td>\n<\/tr>\n<\/tbody>\n<\/table>\n<p><strong>\u00a0<\/strong><\/p>\n<p><strong>Kolejka 6.<\/strong><\/p>\n<p><strong>16.11.2024<\/strong><\/p>\n<table>\n<tbody>\n<tr>\n<td width=\"302\">AKS V LO Rzesz\u00f3w<\/td>\n<td width=\"302\">KLIMA B\u0142a\u017cowa<\/td>\n<\/tr>\n<tr>\n<td width=\"302\">MKS GAMRAT-MOSiR Jas\u0142o<\/td>\n<td width=\"302\"><strong>TKS \u017bagiel Radymno<\/strong><\/td>\n<\/tr>\n<tr>\n<td width=\"302\">LKS G\u0142ogovia G\u0142og\u00f3w M\u0142p.<\/td>\n<td width=\"302\">TKF Anilana Rakszawa<\/td>\n<\/tr>\n<tr>\n<td width=\"302\">ProSport Marmax Czudec<\/td>\n<td width=\"302\">Renga SST Sportur Gmina \u0141a\u0144cut<\/td>\n<\/tr>\n<tr>\n<td width=\"302\">MAJ-BUD AlterEco Bystrzaki Gmina Iwierzyce<\/td>\n<td width=\"302\">SST Lubcza Rac\u0142aw\u00f3wka<\/td>\n<\/tr>\n<\/tbody>\n<\/table>\n<p><strong>\u00a0<\/strong><\/p>\n<p><strong>Kolejka 7.<\/strong><\/p>\n<p><strong>23.11.2024<\/strong><\/p>\n<table>\n<tbody>\n<tr>\n<td width=\"302\">SST Lubcza Rac\u0142aw\u00f3wka<\/td>\n<td width=\"302\">AKS V LO Rzesz\u00f3w<\/td>\n<\/tr>\n<tr>\n<td width=\"302\">Renga SST Sportur Gmina \u0141a\u0144cut<\/td>\n<td width=\"302\">MAJ-BUD AlterEco Bystrzaki Gmina Iwierzyce<\/td>\n<\/tr>\n<tr>\n<td width=\"302\">TKF Anilana Rakszawa<\/td>\n<td width=\"302\">ProSport Marmax Czudec<\/td>\n<\/tr>\n<tr>\n<td width=\"302\"><strong>TKS \u017bagiel Radymno<\/strong><\/td>\n<td width=\"302\">LKS G\u0142ogovia G\u0142og\u00f3w M\u0142p.<\/td>\n<\/tr>\n<tr>\n<td width=\"302\">KLIMA B\u0142a\u017cowa<\/td>\n<td width=\"302\">MKS GAMRAT-MOSiR Jas\u0142o<\/td>\n<\/tr>\n<\/tbody>\n<\/table>\n<p><strong>\u00a0<\/strong><\/p>\n<p><strong>Kolejka 8.<\/strong><\/p>\n<p><strong>30.11.2024<\/strong><\/p>\n<table>\n<tbody>\n<tr>\n<td width=\"302\">AKS V LO Rzesz\u00f3w<\/td>\n<td width=\"302\">MKS GAMRAT-MOSiR Jas\u0142o<\/td>\n<\/tr>\n<tr>\n<td width=\"302\">LKS G\u0142ogovia G\u0142og\u00f3w M\u0142p.<\/td>\n<td width=\"302\">KLIMA B\u0142a\u017cowa<\/td>\n<\/tr>\n<tr>\n<td width=\"302\">ProSport Marmax Czudec<\/td>\n<td width=\"302\"><strong>TKS \u017bagiel Radymno<\/strong><\/td>\n<\/tr>\n<tr>\n<td width=\"302\">MAJ-BUD AlterEco Bystrzaki Gmina Iwierzyce<\/td>\n<td width=\"302\">TKF Anilana Rakszawa<\/td>\n<\/tr>\n<tr>\n<td width=\"302\">SST Lubcza Rac\u0142aw\u00f3wka<\/td>\n<td width=\"302\">Renga SST Sportur Gmina \u0141a\u0144cut<\/td>\n<\/tr>\n<\/tbody>\n<\/table>\n<p><strong>\u00a0<\/strong><\/p>\n<p><strong>Kolejka 9.<\/strong><\/p>\n<p><strong>07.12.2024<\/strong><\/p>\n<table>\n<tbody>\n<tr>\n<td width=\"302\">Renga SST Sportur Gmina \u0141a\u0144cut<\/td>\n<td width=\"302\">AKS V LO Rzesz\u00f3w<\/td>\n<\/tr>\n<tr>\n<td width=\"302\">MKS GAMRAT-MOSiR Jas\u0142o<\/td>\n<td width=\"302\">SST Lubcza Rac\u0142aw\u00f3wka<\/td>\n<\/tr>\n<tr>\n<td width=\"302\"><strong>TKS \u017bagiel Radymno<\/strong><\/td>\n<td width=\"302\">MAJ-BUD AlterEco Bystrzaki Gmina Iwierzyce<\/td>\n<\/tr>\n<tr>\n<td width=\"302\">KLIMA B\u0142a\u017cowa<\/td>\n<td width=\"302\">ProSport Marmax Czudec<\/td>\n<\/tr>\n<tr>\n<td width=\"302\">TKF Anilana Rakszawa<\/td>\n<td width=\"302\">LKS G\u0142ogovia G\u0142og\u00f3w M\u0142p.<\/td>\n<\/tr>\n<\/tbody>\n<\/table>\n","protected":false},"excerpt":{"rendered":"<p>I RUNDA ROZGRYWEK PODKARPACKIEJ I LIGI M\u0118\u017bCZYZN SEZON 2024\/2025 Kolejka 1. 05.10.2024 LKS G\u0142ogovia G\u0142og\u00f3w M\u0142p. AKS V LO Rzesz\u00f3w ProSport Marmax Czudec MKS GAMRAT-MOSiR Jas\u0142o MAJ-BUD AlterEco Bystrzaki Gmina Iwierzyce KLIMA B\u0142a\u017cowa SST Lubcza Rac\u0142aw\u00f3wka TKS \u017bagiel Radymno Renga SST Sportur Gmina \u0141a\u0144cut TKF Anilana Rakszawa &nbsp; Kolejka 2. 12.10.2024 AKS V LO Rzesz\u00f3w [&hellip;]<\/p>\n","protected":false},"author":1,"featured_media":0,"parent":0,"menu_order":0,"comment_status":"closed","ping_status":"closed","template":"","meta":{"footnotes":""},"class_list":["post-437","page","type-page","status-publish","hentry"],"_links":{"self":[{"href":"https:\/\/www.zagiel.org\/index.php?rest_route=\/wp\/v2\/pages\/437","targetHints":{"allow":["GET"]}}],"collection":[{"href":"https:\/\/www.zagiel.org\/index.php?rest_route=\/wp\/v2\/pages"}],"about":[{"href":"https:\/\/www.zagiel.org\/index.php?rest_route=\/wp\/v2\/types\/page"}],"author":[{"embeddable":true,"href":"https:\/\/www.zagiel.org\/index.php?rest_route=\/wp\/v2\/users\/1"}],"replies":[{"embeddable":true,"href":"https:\/\/www.zagiel.org\/index.php?rest_route=%2Fwp%2Fv2%2Fcomments&post=437"}],"version-history":[{"count":26,"href":"https:\/\/www.zagiel.org\/index.php?rest_route=\/wp\/v2\/pages\/437\/revisions"}],"predecessor-version":[{"id":2026,"href":"https:\/\/www.zagiel.org\/index.php?rest_route=\/wp\/v2\/pages\/437\/revisions\/2026"}],"wp:attachment":[{"href":"https:\/\/www.zagiel.org\/index.php?rest_route=%2Fwp%2Fv2%2Fmedia&parent=437"}],"curies":[{"name":"wp","href":"https:\/\/api.w.org\/{rel}","templated":true}]}}