{"id":380,"date":"2016-09-16T19:32:24","date_gmt":"2016-09-16T19:32:24","guid":{"rendered":"http:\/\/www.zagiel.org\/?page_id=380"},"modified":"2025-10-12T20:38:01","modified_gmt":"2025-10-12T18:38:01","slug":"druzyna","status":"publish","type":"page","link":"https:\/\/www.zagiel.org\/?page_id=380","title":{"rendered":"Dru\u017cyna"},"content":{"rendered":"<p><strong>TRENER:\u00a0\u00a0<\/strong>Micha\u0142 Smelik<br \/>\n<strong>Seniorzy zg\u0142oszeni do rozgrywek PWZPS w sezonie 2025\/2026:<\/strong><\/p>\n<table width=\"47%\">\n<tbody>\n<tr>\n<td width=\"50%\">Mateusz B\u0105k<\/td>\n<td width=\"50%\">Atakuj\u0105cy<\/td>\n<\/tr>\n<tr>\n<td width=\"50%\">Bernard Ciurko<\/td>\n<td width=\"50%\">Atakuj\u0105cy<\/td>\n<\/tr>\n<tr>\n<td width=\"50%\">Grzegorz Fru\u017cy\u0144ski<\/td>\n<td width=\"50%\">\u015arodkowy<\/td>\n<\/tr>\n<tr>\n<td width=\"50%\">Jakub Ga\u0142an<\/td>\n<td width=\"50%\">\u015arodkowy<\/td>\n<\/tr>\n<tr>\n<td width=\"50%\">Jan Kordas<\/td>\n<td width=\"50%\">Przyjmuj\u0105cy<\/td>\n<\/tr>\n<tr>\n<td width=\"50%\">Jakub Magierski<\/td>\n<td width=\"50%\">Przyjmuj\u0105cy<\/td>\n<\/tr>\n<tr>\n<td width=\"50%\">Szymon Ochenduszka<\/td>\n<td width=\"50%\">Przyjmuj\u0105cy<\/td>\n<\/tr>\n<tr>\n<td width=\"50%\">Daniel Pelc<\/td>\n<td width=\"50%\">Atakuj\u0105cy<\/td>\n<\/tr>\n<tr>\n<td width=\"50%\">Witold Pilch<\/td>\n<td width=\"50%\">Libero<\/td>\n<\/tr>\n<tr>\n<td width=\"50%\">Micha\u0142 Smelik<\/td>\n<td width=\"50%\">Rozgrywaj\u0105cy<\/td>\n<\/tr>\n<tr>\n<td width=\"50%\">Micha\u0142 Surtel<\/td>\n<td width=\"50%\">Libero<\/td>\n<\/tr>\n<tr>\n<td width=\"50%\">Rafa\u0142 Wilk<\/td>\n<td width=\"50%\">\u015arodkowy<\/td>\n<\/tr>\n<tr>\n<td width=\"50%\">Mariusz Witko<\/td>\n<td width=\"50%\">Przyjmuj\u0105cy<\/td>\n<\/tr>\n<tr>\n<td width=\"50%\">Mateusz Witko<\/td>\n<td width=\"50%\">\u00a0\u015arodkowy<\/td>\n<\/tr>\n<\/tbody>\n<\/table>\n","protected":false},"excerpt":{"rendered":"<p>TRENER:\u00a0\u00a0Micha\u0142 Smelik Seniorzy zg\u0142oszeni do rozgrywek PWZPS w sezonie 2025\/2026: Mateusz B\u0105k Atakuj\u0105cy Bernard Ciurko Atakuj\u0105cy Grzegorz Fru\u017cy\u0144ski \u015arodkowy Jakub Ga\u0142an \u015arodkowy Jan Kordas Przyjmuj\u0105cy Jakub Magierski Przyjmuj\u0105cy Szymon Ochenduszka Przyjmuj\u0105cy Daniel Pelc Atakuj\u0105cy Witold Pilch Libero Micha\u0142 Smelik Rozgrywaj\u0105cy Micha\u0142 Surtel Libero Rafa\u0142 Wilk \u015arodkowy Mariusz Witko Przyjmuj\u0105cy Mateusz Witko \u00a0\u015arodkowy<\/p>\n","protected":false},"author":1,"featured_media":0,"parent":0,"menu_order":0,"comment_status":"closed","ping_status":"closed","template":"","meta":{"footnotes":""},"class_list":["post-380","page","type-page","status-publish","hentry"],"_links":{"self":[{"href":"https:\/\/www.zagiel.org\/index.php?rest_route=\/wp\/v2\/pages\/380","targetHints":{"allow":["GET"]}}],"collection":[{"href":"https:\/\/www.zagiel.org\/index.php?rest_route=\/wp\/v2\/pages"}],"about":[{"href":"https:\/\/www.zagiel.org\/index.php?rest_route=\/wp\/v2\/types\/page"}],"author":[{"embeddable":true,"href":"https:\/\/www.zagiel.org\/index.php?rest_route=\/wp\/v2\/users\/1"}],"replies":[{"embeddable":true,"href":"https:\/\/www.zagiel.org\/index.php?rest_route=%2Fwp%2Fv2%2Fcomments&post=380"}],"version-history":[{"count":31,"href":"https:\/\/www.zagiel.org\/index.php?rest_route=\/wp\/v2\/pages\/380\/revisions"}],"predecessor-version":[{"id":769,"href":"https:\/\/www.zagiel.org\/index.php?rest_route=\/wp\/v2\/pages\/380\/revisions\/769"}],"wp:attachment":[{"href":"https:\/\/www.zagiel.org\/index.php?rest_route=%2Fwp%2Fv2%2Fmedia&parent=380"}],"curies":[{"name":"wp","href":"https:\/\/api.w.org\/{rel}","templated":true}]}}