{"id":357,"date":"2016-09-16T19:22:55","date_gmt":"2016-09-16T19:22:55","guid":{"rendered":"http:\/\/www.zagiel.org\/?page_id=357"},"modified":"2025-02-10T13:03:18","modified_gmt":"2025-02-10T11:03:18","slug":"zarzad","status":"publish","type":"page","link":"https:\/\/www.zagiel.org\/?page_id=357","title":{"rendered":"Zarz\u0105d"},"content":{"rendered":"<p><span style=\"color: #000000; font-family: georgia, palatino, serif;\"><strong>Towarzystwo Kulturalno-Sportowe \u201e\u017bAGIEL\u201d<\/strong><\/span><br \/>\n<span style=\"font-family: georgia, palatino, serif; color: #000000;\"><strong>e-mail:<\/strong> <a style=\"color: #000000;\" href=\"mailto:zagiel@zagiel.org\">zagiel@zagiel.org<\/a><\/span><\/p>\n<p><span style=\"font-family: georgia, palatino, serif; color: #000000;\"><strong>Prezes Zarz\u0105du:<\/strong> Zdzis\u0142aw Koniuch<\/span><br \/>\n<span style=\"color: #000000; font-family: georgia, palatino, serif;\"><strong>Sekretarz:<\/strong> Izabela Jurczy\u0144ska<\/span><br \/>\n<span style=\"font-family: georgia, palatino, serif; color: #000000;\"><strong>Skarbnik:<\/strong>\u00a0Piotr Kalisz<\/span><\/p>\n<p><strong>Komisja rewizyjna:<\/strong><br \/>\nPawe\u0142 Kokot<br \/>\nKs. Dariusz Szylar<br \/>\nWitold Trelka<\/p>\n","protected":false},"excerpt":{"rendered":"<p>Towarzystwo Kulturalno-Sportowe \u201e\u017bAGIEL\u201d e-mail: zagiel@zagiel.org Prezes Zarz\u0105du: Zdzis\u0142aw Koniuch Sekretarz: Izabela Jurczy\u0144ska Skarbnik:\u00a0Piotr Kalisz Komisja rewizyjna: Pawe\u0142 Kokot Ks. Dariusz Szylar Witold Trelka<\/p>\n","protected":false},"author":1,"featured_media":0,"parent":0,"menu_order":0,"comment_status":"closed","ping_status":"closed","template":"","meta":{"footnotes":""},"class_list":["post-357","page","type-page","status-publish","hentry"],"_links":{"self":[{"href":"https:\/\/www.zagiel.org\/index.php?rest_route=\/wp\/v2\/pages\/357","targetHints":{"allow":["GET"]}}],"collection":[{"href":"https:\/\/www.zagiel.org\/index.php?rest_route=\/wp\/v2\/pages"}],"about":[{"href":"https:\/\/www.zagiel.org\/index.php?rest_route=\/wp\/v2\/types\/page"}],"author":[{"embeddable":true,"href":"https:\/\/www.zagiel.org\/index.php?rest_route=\/wp\/v2\/users\/1"}],"replies":[{"embeddable":true,"href":"https:\/\/www.zagiel.org\/index.php?rest_route=%2Fwp%2Fv2%2Fcomments&post=357"}],"version-history":[{"count":8,"href":"https:\/\/www.zagiel.org\/index.php?rest_route=\/wp\/v2\/pages\/357\/revisions"}],"predecessor-version":[{"id":2175,"href":"https:\/\/www.zagiel.org\/index.php?rest_route=\/wp\/v2\/pages\/357\/revisions\/2175"}],"wp:attachment":[{"href":"https:\/\/www.zagiel.org\/index.php?rest_route=%2Fwp%2Fv2%2Fmedia&parent=357"}],"curies":[{"name":"wp","href":"https:\/\/api.w.org\/{rel}","templated":true}]}}