{"id":348,"date":"2016-09-16T19:21:25","date_gmt":"2016-09-16T19:21:25","guid":{"rendered":"http:\/\/www.zagiel.org\/?page_id=348"},"modified":"2025-10-12T20:57:11","modified_gmt":"2025-10-12T18:57:11","slug":"iii-liga","status":"publish","type":"page","link":"https:\/\/www.zagiel.org\/?page_id=348","title":{"rendered":"I Liga Podkarpacka"},"content":{"rendered":"<p style=\"text-align: center;\"><strong>PODKARPACKA I LIGA M\u0118\u017bCZYZN W SEZONIE 2025\/2026<\/strong><\/p>\n<table style=\"width: 45.0916%; height: 240px;\">\n<tbody>\n<tr style=\"height: 24px;\">\n<td style=\"text-align: center; height: 24px; width: 6.77675%;\" width=\"604\">1<\/td>\n<td style=\"text-align: center; height: 24px; width: 131.262%;\" width=\"604\">ProSport Marmax Czudec<\/td>\n<\/tr>\n<tr style=\"height: 24px;\">\n<td style=\"text-align: center; height: 24px; width: 6.77675%;\" width=\"604\">2<\/td>\n<td style=\"text-align: center; height: 24px; width: 131.262%;\" width=\"604\">TKF Anilana Rakszawa<\/td>\n<\/tr>\n<tr style=\"height: 24px;\">\n<td style=\"text-align: center; height: 24px; width: 6.77675%;\" width=\"604\">3<\/td>\n<td style=\"text-align: center; height: 24px; width: 131.262%;\" width=\"604\">KLIMA B\u0142a\u017cowa<\/td>\n<\/tr>\n<tr style=\"height: 24px;\">\n<td style=\"text-align: center; height: 24px; width: 6.77675%;\" width=\"604\">4<\/td>\n<td style=\"text-align: center; height: 24px; width: 131.262%;\" width=\"604\">AKS V LO Rzesz\u00f3w<\/td>\n<\/tr>\n<tr style=\"height: 24px;\">\n<td style=\"text-align: center; height: 24px; width: 6.77675%;\" width=\"604\">5<\/td>\n<td style=\"text-align: center; height: 24px; width: 131.262%;\" width=\"604\">Renga SST Sportur Gmina \u0141a\u0144cut<\/td>\n<\/tr>\n<tr>\n<td style=\"width: 6.77675%; text-align: center;\">6<\/td>\n<td style=\"width: 131.262%; text-align: center;\">MKS PRDM Jas\u0142o<\/td>\n<\/tr>\n<tr style=\"height: 24px;\">\n<td style=\"text-align: center; height: 24px; width: 6.77675%;\" width=\"604\">7<\/td>\n<td style=\"text-align: center; height: 24px; width: 131.262%;\" width=\"604\"><span style=\"color: #0000ff;\"><strong>TKS \u017bagiel Gmina Radymno<\/strong><\/span><\/td>\n<\/tr>\n<tr style=\"height: 24px;\">\n<td style=\"text-align: center; height: 24px; width: 6.77675%;\" width=\"604\">8<\/td>\n<td style=\"text-align: center; height: 24px; width: 131.262%;\" width=\"604\">KS G\u0142og\u00f3w Ma\u0142opolski<\/td>\n<\/tr>\n<tr>\n<td style=\"width: 6.77675%; text-align: center;\">9<\/td>\n<td style=\"width: 131.262%; text-align: center;\">KS B\u0142\u0119kitni Ropczyce<\/td>\n<\/tr>\n<tr>\n<td style=\"width: 6.77675%; text-align: center;\">10<\/td>\n<td style=\"width: 131.262%; text-align: center;\">Feniks Heron Przeworsk<\/td>\n<\/tr>\n<\/tbody>\n<\/table>\n","protected":false},"excerpt":{"rendered":"<p>PODKARPACKA I LIGA M\u0118\u017bCZYZN W SEZONIE 2025\/2026 1 ProSport Marmax Czudec 2 TKF Anilana Rakszawa 3 KLIMA B\u0142a\u017cowa 4 AKS V LO Rzesz\u00f3w 5 Renga SST Sportur Gmina \u0141a\u0144cut 6 MKS PRDM Jas\u0142o 7 TKS \u017bagiel Gmina Radymno 8 KS G\u0142og\u00f3w Ma\u0142opolski 9 KS B\u0142\u0119kitni Ropczyce 10 Feniks Heron Przeworsk<\/p>\n","protected":false},"author":1,"featured_media":0,"parent":0,"menu_order":0,"comment_status":"closed","ping_status":"closed","template":"","meta":{"footnotes":""},"class_list":["post-348","page","type-page","status-publish","hentry"],"_links":{"self":[{"href":"https:\/\/www.zagiel.org\/index.php?rest_route=\/wp\/v2\/pages\/348","targetHints":{"allow":["GET"]}}],"collection":[{"href":"https:\/\/www.zagiel.org\/index.php?rest_route=\/wp\/v2\/pages"}],"about":[{"href":"https:\/\/www.zagiel.org\/index.php?rest_route=\/wp\/v2\/types\/page"}],"author":[{"embeddable":true,"href":"https:\/\/www.zagiel.org\/index.php?rest_route=\/wp\/v2\/users\/1"}],"replies":[{"embeddable":true,"href":"https:\/\/www.zagiel.org\/index.php?rest_route=%2Fwp%2Fv2%2Fcomments&post=348"}],"version-history":[{"count":13,"href":"https:\/\/www.zagiel.org\/index.php?rest_route=\/wp\/v2\/pages\/348\/revisions"}],"predecessor-version":[{"id":2322,"href":"https:\/\/www.zagiel.org\/index.php?rest_route=\/wp\/v2\/pages\/348\/revisions\/2322"}],"wp:attachment":[{"href":"https:\/\/www.zagiel.org\/index.php?rest_route=%2Fwp%2Fv2%2Fmedia&parent=348"}],"curies":[{"name":"wp","href":"https:\/\/api.w.org\/{rel}","templated":true}]}}