{"id":346,"date":"2016-09-16T19:21:09","date_gmt":"2016-09-16T19:21:09","guid":{"rendered":"http:\/\/www.zagiel.org\/?page_id=346"},"modified":"2025-06-25T18:52:47","modified_gmt":"2025-06-25T16:52:47","slug":"klub","status":"publish","type":"page","link":"https:\/\/www.zagiel.org\/?page_id=346","title":{"rendered":"Klub"},"content":{"rendered":"<p style=\"text-align: center;\"><img loading=\"lazy\" decoding=\"async\" class=\"aligncenter  wp-image-2216\" src=\"https:\/\/www.zagiel.org\/wp-content\/uploads\/2025\/06\/cropped-cropped-Prawidlowe-scaled-1-300x300.png\" alt=\"\" width=\"222\" height=\"222\" srcset=\"https:\/\/www.zagiel.org\/wp-content\/uploads\/2025\/06\/cropped-cropped-Prawidlowe-scaled-1-300x300.png 300w, https:\/\/www.zagiel.org\/wp-content\/uploads\/2025\/06\/cropped-cropped-Prawidlowe-scaled-1-150x150.png 150w, https:\/\/www.zagiel.org\/wp-content\/uploads\/2025\/06\/cropped-cropped-Prawidlowe-scaled-1-400x400.png 400w, https:\/\/www.zagiel.org\/wp-content\/uploads\/2025\/06\/cropped-cropped-Prawidlowe-scaled-1-128x128.png 128w, https:\/\/www.zagiel.org\/wp-content\/uploads\/2025\/06\/cropped-cropped-Prawidlowe-scaled-1-32x32.png 32w, https:\/\/www.zagiel.org\/wp-content\/uploads\/2025\/06\/cropped-cropped-Prawidlowe-scaled-1-270x270.png 270w, https:\/\/www.zagiel.org\/wp-content\/uploads\/2025\/06\/cropped-cropped-Prawidlowe-scaled-1-192x192.png 192w, https:\/\/www.zagiel.org\/wp-content\/uploads\/2025\/06\/cropped-cropped-Prawidlowe-scaled-1-180x180.png 180w, https:\/\/www.zagiel.org\/wp-content\/uploads\/2025\/06\/cropped-cropped-Prawidlowe-scaled-1.png 512w\" sizes=\"auto, (max-width: 222px) 100vw, 222px\" \/><\/p>\n<p style=\"text-align: left;\"><strong>Towarzystwo Kulturalno-Sportowe \u201e\u017bagiel\u201d<\/strong> od 2010 roku uczestniczy w rozgrywkach Podkarpackiego Wojew\u00f3dzkiego Zwi\u0105zku Pi\u0142ki Siatkowej. W swojej wieloletniej dzia\u0142alno\u015bci, TKS regularnie zg\u0142asza do rozgrywek wojew\u00f3dzkich zar\u00f3wno dru\u017cyny m\u0142odzie\u017cowe (kadetki, m\u0142odzicy, kadeci, juniorzy), jak r\u00f3wnie\u017c seniorskie. W sezonie 2023\/24 klub siatkarski dzia\u0142aj\u0105cy w ramach Stowarzyszenia wyst\u0119powa\u0142 w wojew\u00f3dzkiej Lidze Junior\u00f3w oraz Podkarpackiej I Lidze M\u0119\u017cczyzn.<\/p>\n<p style=\"text-align: left;\">Dwukrotnie Towarzystwo Kulturalno-Sportowe \u201e\u017bagiel\u201d na zlecenie Miasta Radymno organizowa\u0142o na boiskach Pla\u017cy Miejskiej turnieje siatk\u00f3wki pla\u017cowej. Pierwszy turniej zorganizowany zosta\u0142 2017 roku, za\u015b drugi 2019 r. Oba wydarzenia mia\u0142y charakter ponadlokalny i cieszy\u0142y si\u0119 du\u017cym zainteresowaniem zar\u00f3wno w\u015br\u00f3d siatkarzy, jak i obserwator\u00f3w turniej\u00f3w \u2013 os\u00f3b wypoczywaj\u0105cych na pla\u017cy. W terminie 26.06.2023 r. &#8211; 20.08.2023 r. Towarzystwo Kulturalno-Sportowe \u201e\u017bagiel\u201d poprzez cykl turniej\u00f3w siatk\u00f3wki pla\u017cowej realizowa\u0142o zadanie publiczne pt. \u201cUpowszechnianie kultury fizycznej w Wojew\u00f3dztwie Podkarpackim w 2023 r. poprzez organizacj\u0119 imprez sportowych\u201d wsp\u00f3\u0142finansowane z bud\u017cetu Wojew\u00f3dztwa Podkarpackiego. Celem zadania by\u0142a popularyzacja siatk\u00f3wki pla\u017cowej, aktywizacja mieszka\u0144c\u00f3w regionu, wzmacnianie wi\u0119zi rodzinnych i mi\u0119dzypokoleniowych, a tak\u017ce ukazanie prozdrowotnych form sp\u0119dzania wolnego czasu.<\/p>\n<p>Siatkarski klub TKS \u201e\u017bagiel\u201d, dzia\u0142aj\u0105cy w ramach Stowarzyszenia, cieszy si\u0119 r\u00f3wnie\u017c wysokimi wynikami zawodnik\u00f3w w amatorskich turniejach siatk\u00f3wki pla\u017cowej, kt\u00f3re rozgrywane s\u0105 nie tylko na terenie wojew\u00f3dztwa podkarpackiego, ale i ca\u0142ej Polski. Dzi\u0119ki treningom m\u0142odych siatkarzy pod okiem trenera Micha\u0142a Smelika, para juniorska Micha\u0142 Boratyn-Mateusz B\u0105k w roku 2022 awansowa\u0142a do turnieju p\u00f3\u0142fina\u0142owego Mistrzostw Polski Junior\u00f3w rozgrywanego w Toruniu, za\u015b w 2024 r. do turnieju p\u00f3\u0142fina\u0142owego Mistrzostw Polski Junior\u00f3w M\u0142odszych w Katowicach awansowa\u0142a para Szymon Ochenduszka-Mateusz Boratyn.<\/p>\n<p><span style=\"text-decoration: underline;\"><strong>W sezonie 2024\/2025 klub rywalizowa\u0142 w trzech ligach podkarpackich:<\/strong><\/span><\/p>\n<ul>\n<li>Podkarpacka I Liga M\u0119\u017cczyzn<\/li>\n<li>Podkarpacka Liga Junior\u00f3w<\/li>\n<li>Podkarpacka Liga M\u0142odzik\u00f3w<\/li>\n<\/ul>\n","protected":false},"excerpt":{"rendered":"<p>Towarzystwo Kulturalno-Sportowe \u201e\u017bagiel\u201d od 2010 roku uczestniczy w rozgrywkach Podkarpackiego Wojew\u00f3dzkiego Zwi\u0105zku Pi\u0142ki Siatkowej. W swojej wieloletniej dzia\u0142alno\u015bci, TKS regularnie zg\u0142asza do rozgrywek wojew\u00f3dzkich zar\u00f3wno dru\u017cyny m\u0142odzie\u017cowe (kadetki, m\u0142odzicy, kadeci, juniorzy), jak r\u00f3wnie\u017c seniorskie. W sezonie 2023\/24 klub siatkarski dzia\u0142aj\u0105cy w ramach Stowarzyszenia wyst\u0119powa\u0142 w wojew\u00f3dzkiej Lidze Junior\u00f3w oraz Podkarpackiej I Lidze M\u0119\u017cczyzn. Dwukrotnie Towarzystwo [&hellip;]<\/p>\n","protected":false},"author":1,"featured_media":0,"parent":0,"menu_order":0,"comment_status":"closed","ping_status":"closed","template":"","meta":{"footnotes":""},"class_list":["post-346","page","type-page","status-publish","hentry"],"_links":{"self":[{"href":"https:\/\/www.zagiel.org\/index.php?rest_route=\/wp\/v2\/pages\/346","targetHints":{"allow":["GET"]}}],"collection":[{"href":"https:\/\/www.zagiel.org\/index.php?rest_route=\/wp\/v2\/pages"}],"about":[{"href":"https:\/\/www.zagiel.org\/index.php?rest_route=\/wp\/v2\/types\/page"}],"author":[{"embeddable":true,"href":"https:\/\/www.zagiel.org\/index.php?rest_route=\/wp\/v2\/users\/1"}],"replies":[{"embeddable":true,"href":"https:\/\/www.zagiel.org\/index.php?rest_route=%2Fwp%2Fv2%2Fcomments&post=346"}],"version-history":[{"count":9,"href":"https:\/\/www.zagiel.org\/index.php?rest_route=\/wp\/v2\/pages\/346\/revisions"}],"predecessor-version":[{"id":2234,"href":"https:\/\/www.zagiel.org\/index.php?rest_route=\/wp\/v2\/pages\/346\/revisions\/2234"}],"wp:attachment":[{"href":"https:\/\/www.zagiel.org\/index.php?rest_route=%2Fwp%2Fv2%2Fmedia&parent=346"}],"curies":[{"name":"wp","href":"https:\/\/api.w.org\/{rel}","templated":true}]}}