{"id":2313,"date":"2025-10-12T20:46:36","date_gmt":"2025-10-12T18:46:36","guid":{"rendered":"https:\/\/www.zagiel.org\/?page_id=2313"},"modified":"2025-10-12T20:51:13","modified_gmt":"2025-10-12T18:51:13","slug":"juniorzy-mlodsi","status":"publish","type":"page","link":"https:\/\/www.zagiel.org\/?page_id=2313","title":{"rendered":"Juniorzy m\u0142odsi"},"content":{"rendered":"<p>Treningi zespo\u0142u w kategorii\u00a0 &#8222;Junior m\u0142odszy&#8221; odbywaj\u0105 si\u0119 pod okiem trenera Jakuba Magierskiego. W sezonie 2025\/26 w zespole junior\u00f3w m\u0142odszych wyst\u0119puj\u0105 zawodnicy urodzeni w roku 2009\/2010<\/p>\n<p><strong>Terminy trening\u00f3w:<\/strong><\/p>\n<ul>\n<li>wtorek, godz. 17:30<\/li>\n<li>czwartek, godz. 17:30<\/li>\n<\/ul>\n<p><strong>Miejsce trening\u00f3w:<\/strong> Szko\u0142a Podstawowa im. Ignacego Jana Paderewskiego w Sko\u0142oszowie (ul. Franciszka\u0144ska 53, 37-550 Sko\u0142osz\u00f3w)<\/p>\n<p><a href=\"https:\/\/podkarpackasiatkowka.pl\/index\/download\/hash\/fa3e748ed45a5ef74f941898343740ae1771bfe9\/name\/Podkarpacka+Liga+Junior%C3%B3w+M%C5%82odszych+Gr+II+Sezon+2025_2026.pdf\" target=\"_blank\" rel=\"noopener\"><strong>TERMINARZ ROZGRYWEK JUNIOR\u00d3W M\u0141ODSZYCH W SEZONIE 2025\/2026 &gt;&gt;<\/strong><\/a><\/p>\n<p>Zainteresowanych zapraszamy do kontaktu z Towarzystwem w spos\u00f3b oznaczony na og\u0142oszeniach lub z trenerem bezpo\u015brednio na treningu.<\/p>\n","protected":false},"excerpt":{"rendered":"<p>Treningi zespo\u0142u w kategorii\u00a0 &#8222;Junior m\u0142odszy&#8221; odbywaj\u0105 si\u0119 pod okiem trenera Jakuba Magierskiego. W sezonie 2025\/26 w zespole junior\u00f3w m\u0142odszych wyst\u0119puj\u0105 zawodnicy urodzeni w roku 2009\/2010 Terminy trening\u00f3w: wtorek, godz. 17:30 czwartek, godz. 17:30 Miejsce trening\u00f3w: Szko\u0142a Podstawowa im. Ignacego Jana Paderewskiego w Sko\u0142oszowie (ul. Franciszka\u0144ska 53, 37-550 Sko\u0142osz\u00f3w) TERMINARZ ROZGRYWEK JUNIOR\u00d3W M\u0141ODSZYCH W SEZONIE [&hellip;]<\/p>\n","protected":false},"author":1,"featured_media":0,"parent":0,"menu_order":0,"comment_status":"closed","ping_status":"closed","template":"","meta":{"footnotes":""},"class_list":["post-2313","page","type-page","status-publish","hentry"],"_links":{"self":[{"href":"https:\/\/www.zagiel.org\/index.php?rest_route=\/wp\/v2\/pages\/2313","targetHints":{"allow":["GET"]}}],"collection":[{"href":"https:\/\/www.zagiel.org\/index.php?rest_route=\/wp\/v2\/pages"}],"about":[{"href":"https:\/\/www.zagiel.org\/index.php?rest_route=\/wp\/v2\/types\/page"}],"author":[{"embeddable":true,"href":"https:\/\/www.zagiel.org\/index.php?rest_route=\/wp\/v2\/users\/1"}],"replies":[{"embeddable":true,"href":"https:\/\/www.zagiel.org\/index.php?rest_route=%2Fwp%2Fv2%2Fcomments&post=2313"}],"version-history":[{"count":4,"href":"https:\/\/www.zagiel.org\/index.php?rest_route=\/wp\/v2\/pages\/2313\/revisions"}],"predecessor-version":[{"id":2318,"href":"https:\/\/www.zagiel.org\/index.php?rest_route=\/wp\/v2\/pages\/2313\/revisions\/2318"}],"wp:attachment":[{"href":"https:\/\/www.zagiel.org\/index.php?rest_route=%2Fwp%2Fv2%2Fmedia&parent=2313"}],"curies":[{"name":"wp","href":"https:\/\/api.w.org\/{rel}","templated":true}]}}