{"id":2127,"date":"2024-10-14T19:09:45","date_gmt":"2024-10-14T17:09:45","guid":{"rendered":"https:\/\/www.zagiel.org\/?page_id=2127"},"modified":"2025-02-10T13:09:05","modified_gmt":"2025-02-10T11:09:05","slug":"terminarz-ligi-mlodzikow","status":"publish","type":"page","link":"https:\/\/www.zagiel.org\/?page_id=2127","title":{"rendered":"Terminarz Ligi M\u0142odzik\u00f3w"},"content":{"rendered":"<p style=\"text-align: center;\"><span style=\"color: #000080;\"><strong>PODKARPACKA LIGA M\u0141ODZIK\u00d3W sezon 2024\/2025<\/strong><\/span><\/p>\n<p><strong>Zespo\u0142y:<\/strong><br \/>\n1. UKS D\u0119bowiec<br \/>\n2. KS B\u0142\u0119kitni Ropczyce<br \/>\n3. TSV Sanok<br \/>\n4. Karpaty MOSiR Krosno<br \/>\n<strong>5. TKS \u017bagiel Gmina Radymno<\/strong><br \/>\n6. AKS V LO Rzesz\u00f3w I<br \/>\n7. AKS V LO Rzesz\u00f3w II<br \/>\n8. AOZ Rzesz\u00f3w<br \/>\n9. LTS Feniks Le\u017cajsk<\/p>\n<p style=\"text-align: center;\"><span style=\"color: #000080; background-color: #99ccff;\"><strong>RUNDA I<\/strong><\/span><\/p>\n<p style=\"text-align: center;\"><strong>20.10.2024<\/strong><\/p>\n<table>\n<tbody>\n<tr>\n<td colspan=\"2\" width=\"604\">\n<p style=\"text-align: center;\"><strong>Gospodarz: TSV Sanok<\/strong><\/p>\n<\/td>\n<\/tr>\n<tr>\n<td style=\"text-align: center;\" width=\"302\">TSV Sanok<\/td>\n<td style=\"text-align: center;\" width=\"302\">Karpaty MOSiR Krosno<\/td>\n<\/tr>\n<tr>\n<td style=\"text-align: center;\" width=\"302\">Karpaty MOSiR Krosno<\/td>\n<td style=\"text-align: center;\" width=\"302\"><strong>TKS \u017bagiel Gmina Radymno<\/strong><\/td>\n<\/tr>\n<tr>\n<td style=\"text-align: center;\" width=\"302\">TSV Sanok<\/td>\n<td style=\"text-align: center;\" width=\"302\"><strong>TKS \u017bagiel Gmina Radymno<\/strong><\/td>\n<\/tr>\n<\/tbody>\n<\/table>\n<p style=\"text-align: center;\"><strong>10.11.2024<\/strong><\/p>\n<table>\n<tbody>\n<tr>\n<td colspan=\"2\" width=\"604\">\n<p style=\"text-align: center;\"><strong>Gospodarz: LTS Feniks Le\u017cajsk<\/strong><\/p>\n<\/td>\n<\/tr>\n<tr>\n<td style=\"text-align: center;\" width=\"302\">LTS Feniks Le\u017cajsk<\/td>\n<td style=\"text-align: center;\" width=\"302\">AKS V LO Rzesz\u00f3w I<\/td>\n<\/tr>\n<tr>\n<td style=\"text-align: center;\" width=\"302\">AKS V LO Rzesz\u00f3w I<\/td>\n<td style=\"text-align: center;\" width=\"302\"><strong>TKS \u017bagiel Gmina Radymno<\/strong><\/td>\n<\/tr>\n<tr>\n<td style=\"text-align: center;\" width=\"302\">LTS Feniks Le\u017cajsk<\/td>\n<td style=\"text-align: center;\" width=\"302\"><strong>TKS \u017bagiel Gmina Radymno<\/strong><\/td>\n<\/tr>\n<\/tbody>\n<\/table>\n<p style=\"text-align: center;\"><strong>24.11.2024<\/strong><\/p>\n<table>\n<tbody>\n<tr>\n<td colspan=\"2\" width=\"604\">\n<p style=\"text-align: center;\"><strong>Gospodarz: TKS \u017bagiel Gmina Radymno<\/strong><\/p>\n<\/td>\n<\/tr>\n<tr>\n<td style=\"text-align: center;\" width=\"302\"><strong>TKS \u017bagiel Gmina Radymno<\/strong><\/td>\n<td style=\"text-align: center;\" width=\"302\">AOZ Rzesz\u00f3w<\/td>\n<\/tr>\n<tr>\n<td style=\"text-align: center;\" width=\"302\">AOZ Rzesz\u00f3w<\/td>\n<td style=\"text-align: center;\" width=\"302\">UKS D\u0119bowiec<\/td>\n<\/tr>\n<tr>\n<td style=\"text-align: center;\" width=\"302\"><strong>TKS \u017bagiel Gmina Radymno<\/strong><\/td>\n<td style=\"text-align: center;\" width=\"302\">UKS D\u0119bowiec<\/td>\n<\/tr>\n<\/tbody>\n<\/table>\n<p style=\"text-align: center;\"><strong>08.12.2024<\/strong><\/p>\n<table>\n<tbody>\n<tr>\n<td colspan=\"2\" width=\"604\">\n<p style=\"text-align: center;\"><strong>Gospodarz: KS B\u0142\u0119kitni Ropczyce<\/strong><\/p>\n<\/td>\n<\/tr>\n<tr>\n<td width=\"302\">\n<p style=\"text-align: center;\">KS B\u0142\u0119kitni Ropczyce<\/p>\n<\/td>\n<td width=\"302\">\n<p style=\"text-align: center;\">AKS V LO Rzesz\u00f3w II<\/p>\n<\/td>\n<\/tr>\n<tr>\n<td width=\"302\">\n<p style=\"text-align: center;\">AKS V LO Rzesz\u00f3w II<\/p>\n<\/td>\n<td width=\"302\">\n<p style=\"text-align: center;\"><strong>TKS \u017bagiel Gmina Radymno<\/strong><\/p>\n<\/td>\n<\/tr>\n<tr>\n<td style=\"text-align: center;\" width=\"302\">KS B\u0142\u0119kitni Ropczyce<\/td>\n<td style=\"text-align: center;\" width=\"302\"><strong>TKS \u017bagiel Gmina Radymno<\/strong><\/td>\n<\/tr>\n<\/tbody>\n<\/table>\n<p>Mecze z kolejnych etap\u00f3w rozgrywek ustalane s\u0105 przez Podkarpacki Wojew\u00f3dzki Zwi\u0105zek Pi\u0142ki Siatkowej z tygodnia na tydzie\u0144, o czym informujemy na naszych mediach spo\u0142eczno\u015bciowych.<\/p>\n","protected":false},"excerpt":{"rendered":"<p>PODKARPACKA LIGA M\u0141ODZIK\u00d3W sezon 2024\/2025 Zespo\u0142y: 1. UKS D\u0119bowiec 2. KS B\u0142\u0119kitni Ropczyce 3. TSV Sanok 4. Karpaty MOSiR Krosno 5. TKS \u017bagiel Gmina Radymno 6. AKS V LO Rzesz\u00f3w I 7. AKS V LO Rzesz\u00f3w II 8. AOZ Rzesz\u00f3w 9. LTS Feniks Le\u017cajsk RUNDA I 20.10.2024 Gospodarz: TSV Sanok TSV Sanok Karpaty MOSiR Krosno [&hellip;]<\/p>\n","protected":false},"author":1,"featured_media":0,"parent":0,"menu_order":0,"comment_status":"closed","ping_status":"closed","template":"","meta":{"footnotes":""},"class_list":["post-2127","page","type-page","status-publish","hentry"],"_links":{"self":[{"href":"https:\/\/www.zagiel.org\/index.php?rest_route=\/wp\/v2\/pages\/2127","targetHints":{"allow":["GET"]}}],"collection":[{"href":"https:\/\/www.zagiel.org\/index.php?rest_route=\/wp\/v2\/pages"}],"about":[{"href":"https:\/\/www.zagiel.org\/index.php?rest_route=\/wp\/v2\/types\/page"}],"author":[{"embeddable":true,"href":"https:\/\/www.zagiel.org\/index.php?rest_route=\/wp\/v2\/users\/1"}],"replies":[{"embeddable":true,"href":"https:\/\/www.zagiel.org\/index.php?rest_route=%2Fwp%2Fv2%2Fcomments&post=2127"}],"version-history":[{"count":8,"href":"https:\/\/www.zagiel.org\/index.php?rest_route=\/wp\/v2\/pages\/2127\/revisions"}],"predecessor-version":[{"id":2129,"href":"https:\/\/www.zagiel.org\/index.php?rest_route=\/wp\/v2\/pages\/2127\/revisions\/2129"}],"wp:attachment":[{"href":"https:\/\/www.zagiel.org\/index.php?rest_route=%2Fwp%2Fv2%2Fmedia&parent=2127"}],"curies":[{"name":"wp","href":"https:\/\/api.w.org\/{rel}","templated":true}]}}