{"id":2060,"date":"2024-09-30T19:39:03","date_gmt":"2024-09-30T17:39:03","guid":{"rendered":"https:\/\/www.zagiel.org\/?page_id=2060"},"modified":"2025-02-10T13:07:17","modified_gmt":"2025-02-10T11:07:17","slug":"terminarz-ligi-juniorow","status":"publish","type":"page","link":"https:\/\/www.zagiel.org\/?page_id=2060","title":{"rendered":"Terminarz Ligi Junior\u00f3w"},"content":{"rendered":"<p style=\"text-align: center;\"><span style=\"color: #000080;\"><strong>PODKARPACKA LIGA JUNIOR\u00d3W sezon 2024\/2025<\/strong><\/span><\/p>\n<p style=\"text-align: center;\"><span style=\"color: #000080;\"><strong>GRUPA III<\/strong><\/span><\/p>\n<p><strong>Zespo\u0142y:<\/strong><\/p>\n<ol>\n<li>LTS Feniks Le\u017cajsk<\/li>\n<li><strong>TKS \u017bagiel Gmina Radymno<\/strong><\/li>\n<li>KS B\u0142\u0119kitni Ropczyce<\/li>\n<\/ol>\n<table>\n<tbody>\n<tr>\n<td style=\"text-align: center;\" colspan=\"2\" width=\"604\"><strong>13.10.2024<\/strong><\/td>\n<\/tr>\n<tr>\n<td style=\"text-align: center;\" width=\"302\">LTS Feniks Le\u017cajsk<\/td>\n<td style=\"text-align: center;\" width=\"302\"><strong>TKS \u017bagiel Gmina Radymno<\/strong><\/td>\n<\/tr>\n<tr>\n<td style=\"text-align: center;\" colspan=\"2\" width=\"604\"><strong>27.10.2024<\/strong><\/td>\n<\/tr>\n<tr>\n<td style=\"text-align: center;\" width=\"302\">KS B\u0142\u0119kitni Ropczyce<\/td>\n<td style=\"text-align: center;\" width=\"302\">LTS Feniks Le\u017cajsk<\/td>\n<\/tr>\n<tr>\n<td style=\"text-align: center;\" colspan=\"2\" width=\"604\"><strong>10.11.2024<\/strong><\/td>\n<\/tr>\n<tr>\n<td style=\"text-align: center;\" width=\"302\"><strong>TKS \u017bagiel Gmina Radymno<\/strong><\/td>\n<td style=\"text-align: center;\" width=\"302\">KS B\u0142\u0119kitni Ropczyce<\/td>\n<\/tr>\n<tr>\n<td style=\"text-align: center;\" colspan=\"2\" width=\"604\"><strong>24.11.2024<\/strong><\/td>\n<\/tr>\n<tr>\n<td style=\"text-align: center;\" width=\"302\"><strong>TKS \u017bagiel Gmina Radymno<\/strong><\/td>\n<td style=\"text-align: center;\" width=\"302\">LTS Feniks Le\u017cajsk<\/td>\n<\/tr>\n<tr>\n<td style=\"text-align: center;\" colspan=\"2\" width=\"604\"><strong>08.12.2024<\/strong><\/td>\n<\/tr>\n<tr>\n<td style=\"text-align: center;\" width=\"302\">LTS Feniks Le\u017cajsk<\/td>\n<td style=\"text-align: center;\" width=\"302\">KS B\u0142\u0119kitni Ropczyce<\/td>\n<\/tr>\n<tr>\n<td style=\"text-align: center;\" colspan=\"2\" width=\"604\"><strong>15.12.2024<\/strong><\/td>\n<\/tr>\n<tr>\n<td style=\"text-align: center;\" width=\"302\">KS B\u0142\u0119kitni Ropczyce<\/td>\n<td style=\"text-align: center;\" width=\"302\"><strong>TKS \u017bagiel Gmina Radymno<\/strong><\/td>\n<\/tr>\n<\/tbody>\n<\/table>\n","protected":false},"excerpt":{"rendered":"<p>PODKARPACKA LIGA JUNIOR\u00d3W sezon 2024\/2025 GRUPA III Zespo\u0142y: LTS Feniks Le\u017cajsk TKS \u017bagiel Gmina Radymno KS B\u0142\u0119kitni Ropczyce 13.10.2024 LTS Feniks Le\u017cajsk TKS \u017bagiel Gmina Radymno 27.10.2024 KS B\u0142\u0119kitni Ropczyce LTS Feniks Le\u017cajsk 10.11.2024 TKS \u017bagiel Gmina Radymno KS B\u0142\u0119kitni Ropczyce 24.11.2024 TKS \u017bagiel Gmina Radymno LTS Feniks Le\u017cajsk 08.12.2024 LTS Feniks Le\u017cajsk KS B\u0142\u0119kitni [&hellip;]<\/p>\n","protected":false},"author":1,"featured_media":0,"parent":0,"menu_order":0,"comment_status":"closed","ping_status":"closed","template":"","meta":{"footnotes":""},"class_list":["post-2060","page","type-page","status-publish","hentry"],"_links":{"self":[{"href":"https:\/\/www.zagiel.org\/index.php?rest_route=\/wp\/v2\/pages\/2060","targetHints":{"allow":["GET"]}}],"collection":[{"href":"https:\/\/www.zagiel.org\/index.php?rest_route=\/wp\/v2\/pages"}],"about":[{"href":"https:\/\/www.zagiel.org\/index.php?rest_route=\/wp\/v2\/types\/page"}],"author":[{"embeddable":true,"href":"https:\/\/www.zagiel.org\/index.php?rest_route=\/wp\/v2\/users\/1"}],"replies":[{"embeddable":true,"href":"https:\/\/www.zagiel.org\/index.php?rest_route=%2Fwp%2Fv2%2Fcomments&post=2060"}],"version-history":[{"count":4,"href":"https:\/\/www.zagiel.org\/index.php?rest_route=\/wp\/v2\/pages\/2060\/revisions"}],"predecessor-version":[{"id":2179,"href":"https:\/\/www.zagiel.org\/index.php?rest_route=\/wp\/v2\/pages\/2060\/revisions\/2179"}],"wp:attachment":[{"href":"https:\/\/www.zagiel.org\/index.php?rest_route=%2Fwp%2Fv2%2Fmedia&parent=2060"}],"curies":[{"name":"wp","href":"https:\/\/api.w.org\/{rel}","templated":true}]}}