{"id":1779,"date":"2024-06-06T15:09:03","date_gmt":"2024-06-06T13:09:03","guid":{"rendered":"https:\/\/www.zagiel.org\/?page_id=1779"},"modified":"2025-10-12T20:51:32","modified_gmt":"2025-10-12T18:51:32","slug":"mlodzicy","status":"publish","type":"page","link":"https:\/\/www.zagiel.org\/?page_id=1779","title":{"rendered":"M\u0142odzicy"},"content":{"rendered":"<p>Treningi zespo\u0142u w kategorii\u00a0 &#8222;M\u0142odzik&#8221; odbywaj\u0105 si\u0119 pod okiem trenera Micha\u0142a Smelik. W sezonie 2025\/26 w zespole m\u0142odzik\u00f3w wyst\u0119puj\u0105 zawodnicy urodzeni w roku 2011 i m\u0142odsi.<\/p>\n<p><strong>Terminy trening\u00f3w:<\/strong><\/p>\n<ul>\n<li>\u015broda, godz. 17:30<\/li>\n<li>pi\u0105tek, godz. 18:30<\/li>\n<\/ul>\n<p><strong>Miejsce trening\u00f3w:<\/strong> Szko\u0142a Podstawowa w Ostrowie (Ostr\u00f3w 139, 37-550 Ostr\u00f3w)<\/p>\n<p><a href=\"https:\/\/podkarpackasiatkowka.pl\/index\/download\/hash\/d9dce4e36025d05711c74e57dc2627c3cbdd14cf\/name\/Podkarpacka+Liga+M%C5%82odzik%C3%B3w+Sezon+2025_2026.pdf\" target=\"_blank\" rel=\"noopener\"><strong>TERMINARZ ROZGRYWEK M\u0141ODZIK\u00d3W W SEZONIE 2025\/2026 &gt;&gt;<\/strong><\/a><\/p>\n<p>Zainteresowanych zapraszamy do kontaktu z Towarzystwem w spos\u00f3b oznaczony na og\u0142oszeniach lub z trenerem bezpo\u015brednio na treningu.<\/p>\n","protected":false},"excerpt":{"rendered":"<p>Treningi zespo\u0142u w kategorii\u00a0 &#8222;M\u0142odzik&#8221; odbywaj\u0105 si\u0119 pod okiem trenera Micha\u0142a Smelik. W sezonie 2025\/26 w zespole m\u0142odzik\u00f3w wyst\u0119puj\u0105 zawodnicy urodzeni w roku 2011 i m\u0142odsi. Terminy trening\u00f3w: \u015broda, godz. 17:30 pi\u0105tek, godz. 18:30 Miejsce trening\u00f3w: Szko\u0142a Podstawowa w Ostrowie (Ostr\u00f3w 139, 37-550 Ostr\u00f3w) TERMINARZ ROZGRYWEK M\u0141ODZIK\u00d3W W SEZONIE 2025\/2026 &gt;&gt; Zainteresowanych zapraszamy do kontaktu [&hellip;]<\/p>\n","protected":false},"author":1,"featured_media":0,"parent":0,"menu_order":0,"comment_status":"closed","ping_status":"closed","template":"","meta":{"footnotes":""},"class_list":["post-1779","page","type-page","status-publish","hentry"],"_links":{"self":[{"href":"https:\/\/www.zagiel.org\/index.php?rest_route=\/wp\/v2\/pages\/1779","targetHints":{"allow":["GET"]}}],"collection":[{"href":"https:\/\/www.zagiel.org\/index.php?rest_route=\/wp\/v2\/pages"}],"about":[{"href":"https:\/\/www.zagiel.org\/index.php?rest_route=\/wp\/v2\/types\/page"}],"author":[{"embeddable":true,"href":"https:\/\/www.zagiel.org\/index.php?rest_route=\/wp\/v2\/users\/1"}],"replies":[{"embeddable":true,"href":"https:\/\/www.zagiel.org\/index.php?rest_route=%2Fwp%2Fv2%2Fcomments&post=1779"}],"version-history":[{"count":11,"href":"https:\/\/www.zagiel.org\/index.php?rest_route=\/wp\/v2\/pages\/1779\/revisions"}],"predecessor-version":[{"id":2319,"href":"https:\/\/www.zagiel.org\/index.php?rest_route=\/wp\/v2\/pages\/1779\/revisions\/2319"}],"wp:attachment":[{"href":"https:\/\/www.zagiel.org\/index.php?rest_route=%2Fwp%2Fv2%2Fmedia&parent=1779"}],"curies":[{"name":"wp","href":"https:\/\/api.w.org\/{rel}","templated":true}]}}